{"id":13,"date":"2023-11-14T02:59:05","date_gmt":"2023-11-14T05:59:05","guid":{"rendered":"https:\/\/resumosdeengcivil.com.br\/formulario\/?page_id=13"},"modified":"2024-01-29T21:41:42","modified_gmt":"2024-01-30T00:41:42","slug":"arq-pri-concursos","status":"publish","type":"page","link":"https:\/\/resumosdeengcivil.com.br\/formulario\/arq-pri-concursos\/","title":{"rendered":"Resumos da Pri &#8211; Formul\u00e1rio"},"content":{"rendered":"\t\t<div data-elementor-type=\"wp-page\" data-elementor-id=\"13\" class=\"elementor elementor-13\" data-elementor-post-type=\"page\">\n\t\t\t\t<div class=\"elementor-element elementor-element-7547af23 e-flex e-con-boxed e-con e-parent\" data-id=\"7547af23\" data-element_type=\"container\" data-settings=\"{&quot;background_background&quot;:&quot;classic&quot;}\">\n\t\t\t\t\t<div class=\"e-con-inner\">\n\t\t<div class=\"elementor-element elementor-element-4d87acca e-con-full e-flex e-con e-child\" data-id=\"4d87acca\" data-element_type=\"container\">\n\t\t\t\t<div class=\"elementor-element elementor-element-68e0447 elementor-widget elementor-widget-heading\" data-id=\"68e0447\" data-element_type=\"widget\" data-widget_type=\"heading.default\">\n\t\t\t\t<div class=\"elementor-widget-container\">\n\t\t\t\t\t<h2 class=\"elementor-heading-title elementor-size-default\">PREENCHA J\u00c1 O SEUS DADOS E GARANTA  SEU <br>MINISSIMULADO DA CNU BLOCO 1 <\/h2>\t\t\t\t<\/div>\n\t\t\t\t<\/div>\n\t\t\t\t<\/div>\n\t\t<div class=\"elementor-element elementor-element-5fb3ab62 e-con-full e-flex e-con e-child\" data-id=\"5fb3ab62\" data-element_type=\"container\">\n\t\t\t\t<div class=\"elementor-element elementor-element-8bc3d6c elementor-widget elementor-widget-image\" data-id=\"8bc3d6c\" data-element_type=\"widget\" data-widget_type=\"image.default\">\n\t\t\t\t<div class=\"elementor-widget-container\">\n\t\t\t\t\t\t\t\t\t\t\t\t\t\t\t<img fetchpriority=\"high\" decoding=\"async\" width=\"768\" height=\"768\" src=\"https:\/\/resumosdeengcivil.com.br\/formulario\/wp-content\/uploads\/2024\/01\/PARCERIA-768x768.png\" class=\"attachment-medium_large size-medium_large wp-image-1015\" alt=\"\" srcset=\"https:\/\/resumosdeengcivil.com.br\/formulario\/wp-content\/uploads\/2024\/01\/PARCERIA-768x768.png 768w, https:\/\/resumosdeengcivil.com.br\/formulario\/wp-content\/uploads\/2024\/01\/PARCERIA-300x300.png 300w, https:\/\/resumosdeengcivil.com.br\/formulario\/wp-content\/uploads\/2024\/01\/PARCERIA-1024x1024.png 1024w, https:\/\/resumosdeengcivil.com.br\/formulario\/wp-content\/uploads\/2024\/01\/PARCERIA-150x150.png 150w, https:\/\/resumosdeengcivil.com.br\/formulario\/wp-content\/uploads\/2024\/01\/PARCERIA.png 1240w\" sizes=\"(max-width: 768px) 100vw, 768px\" \/>\t\t\t\t\t\t\t\t\t\t\t\t\t\t\t<\/div>\n\t\t\t\t<\/div>\n\t\t\t\t<\/div>\n\t\t<div class=\"elementor-element elementor-element-47c1bf6 e-con-full e-flex e-con e-child\" data-id=\"47c1bf6\" data-element_type=\"container\">\n\t\t\t\t<div class=\"elementor-element elementor-element-7d1b1b6 elementor-widget elementor-widget-heading\" data-id=\"7d1b1b6\" data-element_type=\"widget\" data-widget_type=\"heading.default\">\n\t\t\t\t<div class=\"elementor-widget-container\">\n\t\t\t\t\t<h2 class=\"elementor-heading-title elementor-size-default\">Nosso minissimulado possui variadas quest\u00f5es para treino e foi exatamente diagramados e elaborado no formato cobrado pela banca Funda\u00e7\u00e3o Cesgranrio.&nbsp;<\/h2>\t\t\t\t<\/div>\n\t\t\t\t<\/div>\n\t\t\t\t<div class=\"elementor-element elementor-element-59c384e1 elementor-button-align-stretch elementor-widget elementor-widget-form\" data-id=\"59c384e1\" data-element_type=\"widget\" data-settings=\"{&quot;step_next_label&quot;:&quot;Next&quot;,&quot;step_previous_label&quot;:&quot;Previous&quot;,&quot;button_width&quot;:&quot;100&quot;,&quot;step_type&quot;:&quot;number_text&quot;,&quot;step_icon_shape&quot;:&quot;circle&quot;}\" data-widget_type=\"form.default\">\n\t\t\t\t<div class=\"elementor-widget-container\">\n\t\t\t\t\t\t\t<form class=\"elementor-form\" method=\"post\" name=\"Novo Formul\u00e1rio\" novalidate=\"\">\n\t\t\t<input type=\"hidden\" name=\"post_id\" value=\"13\"\/>\n\t\t\t<input type=\"hidden\" name=\"form_id\" value=\"59c384e1\"\/>\n\t\t\t<input type=\"hidden\" name=\"referer_title\" value=\"\" \/>\n\n\t\t\t\n\t\t\t<div class=\"elementor-form-fields-wrapper elementor-labels-above\">\n\t\t\t\t\t\t\t\t<div class=\"elementor-field-type-text elementor-field-group elementor-column elementor-field-group-field_d7d698d elementor-col-100 elementor-field-required\">\n\t\t\t\t\t\t\t\t\t\t\t\t<label for=\"form-field-field_d7d698d\" class=\"elementor-field-label\">\n\t\t\t\t\t\t\t\tNome\t\t\t\t\t\t\t<\/label>\n\t\t\t\t\t\t\t\t\t\t\t\t\t\t<input size=\"1\" type=\"text\" name=\"form_fields[field_d7d698d]\" id=\"form-field-field_d7d698d\" class=\"elementor-field elementor-size-sm  elementor-field-textual\" placeholder=\"Digite seu nome \" required=\"required\" aria-required=\"true\">\n\t\t\t\t\t\t\t\t\t\t\t<\/div>\n\t\t\t\t\t\t\t\t<div class=\"elementor-field-type-email elementor-field-group elementor-column elementor-field-group-field_4e989bc elementor-col-100 elementor-field-required\">\n\t\t\t\t\t\t\t\t\t\t\t\t<label for=\"form-field-field_4e989bc\" class=\"elementor-field-label\">\n\t\t\t\t\t\t\t\tE-mail\t\t\t\t\t\t\t<\/label>\n\t\t\t\t\t\t\t\t\t\t\t\t\t\t<input size=\"1\" type=\"email\" name=\"form_fields[field_4e989bc]\" id=\"form-field-field_4e989bc\" class=\"elementor-field elementor-size-sm  elementor-field-textual\" placeholder=\"exe: marcela@gmail.com\" required=\"required\" aria-required=\"true\">\n\t\t\t\t\t\t\t\t\t\t\t<\/div>\n\t\t\t\t\t\t\t\t<div class=\"elementor-field-type-tel elementor-field-group elementor-column elementor-field-group-field_8da79e2 elementor-col-100\">\n\t\t\t\t\t\t\t\t\t\t\t\t<label for=\"form-field-field_8da79e2\" class=\"elementor-field-label\">\n\t\t\t\t\t\t\t\tTelefone\t\t\t\t\t\t\t<\/label>\n\t\t\t\t\t\t\t\t<input size=\"1\" type=\"tel\" name=\"form_fields[field_8da79e2]\" id=\"form-field-field_8da79e2\" class=\"elementor-field elementor-size-sm  elementor-field-textual\" placeholder=\"exe : (31) 9 0000 0000\" pattern=\"[0-9()#&amp;+*-=.]+\" title=\"Only numbers and phone characters (#, -, *, etc) are accepted.\">\n\n\t\t\t\t\t\t<\/div>\n\t\t\t\t\t\t\t\t<div class=\"elementor-field-type-acceptance elementor-field-group elementor-column elementor-field-group-field_3e9a737 elementor-col-100 elementor-field-required\">\n\t\t\t\t\t\t\t<div class=\"elementor-field-subgroup\">\n\t\t\t<span class=\"elementor-field-option\">\n\t\t\t\t<input type=\"checkbox\" name=\"form_fields[field_3e9a737]\" id=\"form-field-field_3e9a737\" class=\"elementor-field elementor-size-sm  elementor-acceptance-field\" required=\"required\" aria-required=\"true\">\n\t\t\t\t<label for=\"form-field-field_3e9a737\">Aceito receber divulga\u00e7\u00f5es referentes a lan\u00e7amentos de materiais.<\/label>\t\t\t<\/span>\n\t\t<\/div>\n\t\t\t\t\t\t<\/div>\n\t\t\t\t\t\t\t\t<div class=\"elementor-field-group elementor-column elementor-field-type-submit elementor-col-100 e-form__buttons\">\n\t\t\t\t\t<button type=\"submit\" class=\"elementor-button elementor-size-sm\">\n\t\t\t\t\t\t<span >\n\t\t\t\t\t\t\t\t\t\t\t\t\t\t\t<span class=\" elementor-button-icon\">\n\t\t\t\t\t\t\t\t\t\t\t\t\t\t\t\t\t\t\t\t\t\t\t\t\t\t<\/span>\n\t\t\t\t\t\t\t\t\t\t\t\t\t\t\t\t\t\t\t\t\t\t<span class=\"elementor-button-text\">Enviar<\/span>\n\t\t\t\t\t\t\t\t\t\t\t\t\t<\/span>\n\t\t\t\t\t<\/button>\n\t\t\t\t<\/div>\n\t\t\t<\/div>\n\t\t<\/form>\n\t\t\t\t\t\t<\/div>\n\t\t\t\t<\/div>\n\t\t\t\t<\/div>\n\t\t\t\t\t<\/div>\n\t\t\t\t<\/div>\n\t\t\t\t<\/div>\n\t\t","protected":false},"excerpt":{"rendered":"<p>PREENCHA J\u00c1 O SEUS DADOS E GARANTA SEU MINISSIMULADO DA CNU BLOCO 1 Nosso minissimulado possui variadas quest\u00f5es para treino e foi exatamente diagramados e elaborado no formato cobrado pela banca Funda\u00e7\u00e3o Cesgranrio.&nbsp;<\/p>\n","protected":false},"author":1,"featured_media":0,"parent":0,"menu_order":0,"comment_status":"closed","ping_status":"closed","template":"elementor_canvas","meta":{"footnotes":""},"aioseo_notices":[],"_links":{"self":[{"href":"https:\/\/resumosdeengcivil.com.br\/formulario\/wp-json\/wp\/v2\/pages\/13"}],"collection":[{"href":"https:\/\/resumosdeengcivil.com.br\/formulario\/wp-json\/wp\/v2\/pages"}],"about":[{"href":"https:\/\/resumosdeengcivil.com.br\/formulario\/wp-json\/wp\/v2\/types\/page"}],"author":[{"embeddable":true,"href":"https:\/\/resumosdeengcivil.com.br\/formulario\/wp-json\/wp\/v2\/users\/1"}],"replies":[{"embeddable":true,"href":"https:\/\/resumosdeengcivil.com.br\/formulario\/wp-json\/wp\/v2\/comments?post=13"}],"version-history":[{"count":220,"href":"https:\/\/resumosdeengcivil.com.br\/formulario\/wp-json\/wp\/v2\/pages\/13\/revisions"}],"predecessor-version":[{"id":1047,"href":"https:\/\/resumosdeengcivil.com.br\/formulario\/wp-json\/wp\/v2\/pages\/13\/revisions\/1047"}],"wp:attachment":[{"href":"https:\/\/resumosdeengcivil.com.br\/formulario\/wp-json\/wp\/v2\/media?parent=13"}],"curies":[{"name":"wp","href":"https:\/\/api.w.org\/{rel}","templated":true}]}}